{"id":275,"date":"2025-01-21T21:23:24","date_gmt":"2025-01-21T20:23:24","guid":{"rendered":"https:\/\/cputucuman.com\/?page_id=275"},"modified":"2025-02-08T21:57:39","modified_gmt":"2025-02-08T20:57:39","slug":"servicios","status":"publish","type":"page","link":"https:\/\/cputucuman.com\/index.php\/servicios\/","title":{"rendered":"SERVICIOS"},"content":{"rendered":"\n<div class=\"wp-block-stackable-columns alignfull stk-block-columns stk-block stk-56e06f2 stk-block-background stk--has-background-overlay\" data-block-id=\"56e06f2\"><style>.stk-56e06f2 {background-image:url(https:\/\/cputucuman.com\/wp-content\/uploads\/2025\/01\/fondo-pantalla.jpg) !important;padding-top:80px !important;padding-bottom:80px !important;}<\/style><div class=\"stk-row stk-inner-blocks stk-block-content stk-content-align stk-56e06f2-column\">\n<div class=\"wp-block-stackable-column stk-block-column stk-column stk-block stk-6112398\" data-v=\"4\" data-block-id=\"6112398\"><div class=\"stk-column-wrapper stk-block-column__content stk-container stk-6112398-container stk--no-background stk--no-padding\"><div class=\"stk-block-content stk-inner-blocks stk-6112398-inner-blocks\">\n<div class=\"wp-block-stackable-heading stk-block-heading stk-block-heading--v2 stk-block stk-1ee5004\" id=\"servicios\" data-block-id=\"1ee5004\"><style>.stk-1ee5004 .stk-block-heading__text{text-shadow:2px 2px 4px #00000033 !important;}<\/style><h2 class=\"stk-block-heading__text has-text-align-center\">SERVICIOS<\/h2><\/div>\n\n\n\n<div class=\"wp-block-stackable-text stk-block-text stk-block stk-2df8de3\" data-block-id=\"2df8de3\"><style>.stk-2df8de3 {margin-bottom:18px !important;}<\/style><p class=\"stk-block-text__text has-text-align-center\">El CPU es un centro dedicado exclusivamente a la urolog\u00eda. Atendemos consultas sobre urolog\u00eda general, uro-oncolog\u00eda, litiasis y endourolog\u00eda, uroginecolog\u00eda y urodinamia, disfunciones sexuales, infertilidad y sexolog\u00eda. <\/p><\/div>\n\n\n\n<div class=\"wp-block-stackable-text stk-block-text stk-block stk-d24e9f4\" data-block-id=\"d24e9f4\"><style>.stk-d24e9f4 {margin-bottom:61px !important;}<\/style><p class=\"stk-block-text__text has-text-align-center\">As\u00ed como con servicio de guardia 24 horas los 365 d\u00edas del a\u00f1o, a trav\u00e9s del Sanatorio 9 de Julio.Realizamos Intervenciones quir\u00fargicas urol\u00f3gicas de alta complejidad y con tecnolog\u00eda de \u00faltima generaci\u00f3n.<\/p><\/div>\n\n\n\n<div class=\"wp-block-stackable-columns stk-block-columns stk-block stk-4ce6d39\" data-block-id=\"4ce6d39\"><style>.stk-4ce6d39-column{--stk-column-gap:24px !important;row-gap:24px !important;}<\/style><div class=\"stk-row stk-inner-blocks stk-block-content stk-content-align stk-4ce6d39-column\">\n<div class=\"wp-block-stackable-column stk-block-column stk-column stk-block stk-61a85da stk-block-background\" data-v=\"4\" data-block-id=\"61a85da\"><style>.stk-61a85da-container{margin-top:0px !important;margin-right:0px !important;margin-bottom:0px !important;margin-left:0px !important;}.stk-61a85da {background-color:#ffffff !important;border-top-left-radius:10px !important;border-top-right-radius:10px !important;border-bottom-right-radius:10px !important;border-bottom-left-radius:10px !important;overflow:hidden !important;box-shadow:0 5px 30px -10px #123f524d !important;padding-top:48px !important;padding-right:48px !important;padding-bottom:48px !important;padding-left:48px !important;}.stk-61a85da:before{background-color:#ffffff !important;}<\/style><div class=\"stk-column-wrapper stk-block-column__content stk-container stk-61a85da-container stk--no-background stk--no-padding\"><div class=\"stk-block-content stk-inner-blocks stk-61a85da-inner-blocks\">\n<div class=\"wp-block-stackable-heading stk-block-heading stk-block-heading--v2 stk-block stk-f85353e\" id=\"br-strong-br-strong-laser-holmiun-strong-strong\" data-block-id=\"f85353e\"><style>.stk-f85353e .stk-block-heading__text{text-shadow:2px 2px 4px #00000033 !important;}<\/style><h4 class=\"stk-block-heading__text has-text-align-center\"><br><strong><br><strong>Laser holmiun:<\/strong><\/strong><\/h4><\/div>\n\n\n\n<div class=\"wp-block-stackable-text stk-block-text stk-block stk-98bd2bc\" data-block-id=\"98bd2bc\"><p class=\"stk-block-text__text has-text-align-center\"><br>Es una energ\u00eda que permite fragmentaci\u00f3n de litiasis complejas y en el ri\u00f1\u00f3n de manera endosc\u00f3pica con material flexible. Tambi\u00e9n utiliz\u00e1ndolo con alta potencia se realizan cirug\u00edas prost\u00e1ticas endosc\u00f3picas que sin esta tecnolog\u00eda ser\u00edan pasibles de cirug\u00eda abierta convencional, somos el \u00fanico centro en Tucum\u00e1n que cuenta con este equipo de 100 watts de potencia<br>.<\/p><\/div>\n<\/div><\/div><\/div>\n\n\n\n<div class=\"wp-block-stackable-column stk-block-column stk-column stk-block stk-b6c14f3 stk-block-background\" data-v=\"4\" data-block-id=\"b6c14f3\"><style>.stk-b6c14f3-container{margin-top:0px !important;margin-right:0px !important;margin-bottom:0px !important;margin-left:0px !important;}.stk-b6c14f3 {background-color:#ffffff !important;border-top-left-radius:10px !important;border-top-right-radius:10px !important;border-bottom-right-radius:10px !important;border-bottom-left-radius:10px !important;overflow:hidden !important;box-shadow:0 5px 30px -10px #123f524d !important;padding-top:48px !important;padding-right:48px !important;padding-bottom:48px !important;padding-left:48px !important;}.stk-b6c14f3:before{background-color:#ffffff !important;}<\/style><div class=\"stk-column-wrapper stk-block-column__content stk-container stk-b6c14f3-container stk--no-background stk--no-padding\"><div class=\"stk-block-content stk-inner-blocks stk-b6c14f3-inner-blocks\">\n<div class=\"wp-block-stackable-heading stk-block-heading stk-block-heading--v2 stk-block stk-384c7c2\" id=\"br-strong-cirugias-endoscopicas-para-litiasis-y-para-prostatas-strong\" data-block-id=\"384c7c2\"><style>.stk-384c7c2 .stk-block-heading__text{text-shadow:2px 2px 4px #00000033 !important;}<\/style><h4 class=\"stk-block-heading__text has-text-align-center\"><br><strong>Cirug\u00edas endosc\u00f3picas para litiasis y para pr\u00f3statas:<\/strong><\/h4><\/div>\n\n\n\n<div class=\"wp-block-stackable-text stk-block-text stk-block stk-2254a83\" data-block-id=\"2254a83\"><p class=\"stk-block-text__text has-text-align-center\">Para cirug\u00eda de litiasis contamos con equipamiento l\u00e1ser y neum\u00e1tico, que nos permite solucionar una amplia gama de litiasis.<br>Para pr\u00f3stata contamos con equipamiento para cirug\u00eda bipolar (resecci\u00f3n de prostatas de mayor tama\u00f1o y con mayor seguridad), tambi\u00e9n contamos con el l\u00e1ser holmiun que permite una enucleaci\u00f3n prost\u00e1tica segura con menor sangrado y menor tiempo de hospitalizaci\u00f3n.<\/p><\/div>\n<\/div><\/div><\/div>\n\n\n\n<div class=\"wp-block-stackable-column stk-block-column stk-column stk-block stk-3e8d051 stk-block-background\" data-v=\"4\" data-block-id=\"3e8d051\"><style>.stk-3e8d051-container{margin-top:0px !important;margin-right:0px !important;margin-bottom:0px !important;margin-left:0px !important;}.stk-3e8d051 {background-color:#ffffff !important;border-top-left-radius:10px !important;border-top-right-radius:10px !important;border-bottom-right-radius:10px !important;border-bottom-left-radius:10px !important;overflow:hidden !important;box-shadow:0 5px 30px -10px #123f524d !important;padding-top:48px !important;padding-right:48px !important;padding-bottom:48px !important;padding-left:48px !important;}.stk-3e8d051:before{background-color:#ffffff !important;}<\/style><div class=\"stk-column-wrapper stk-block-column__content stk-container stk-3e8d051-container stk--no-background stk--no-padding\"><div class=\"stk-block-content stk-inner-blocks stk-3e8d051-inner-blocks\">\n<div class=\"wp-block-stackable-heading stk-block-heading stk-block-heading--v2 stk-block stk-e50d865\" id=\"br-strong-br-strong-cirugias-oncologicas-mayores-convencionales-y-laparoscopicas-strong-strong\" data-block-id=\"e50d865\"><style>.stk-e50d865 .stk-block-heading__text{text-shadow:2px 2px 4px #00000033 !important;}<\/style><h4 class=\"stk-block-heading__text has-text-align-center\"><br><strong><br><strong>Cirug\u00edas oncol\u00f3gicas mayores convencionales y laparosc\u00f3picas.<\/strong><\/strong><\/h4><\/div>\n\n\n\n<div class=\"wp-block-stackable-text stk-block-text stk-block stk-9270303\" data-block-id=\"9270303\"><p class=\"stk-block-text__text has-text-align-center\"><br><br>Contamos con profesionales capacitados y equipamiento de primer nivel para este tipo de cirug\u00edas complejas<br>.<br>.<\/p><\/div>\n<\/div><\/div><\/div>\n<\/div><\/div>\n\n\n\n<div class=\"wp-block-stackable-columns stk-block-columns stk-block stk-c9953c7\" data-block-id=\"c9953c7\"><style>.stk-c9953c7-column{--stk-column-gap:24px !important;row-gap:24px !important;}<\/style><div class=\"stk-row stk-inner-blocks stk-block-content stk-content-align stk-c9953c7-column\">\n<div class=\"wp-block-stackable-column stk-block-column stk-column stk-block stk-1eedceb stk-block-background\" data-v=\"4\" data-block-id=\"1eedceb\"><style>.stk-1eedceb-container{margin-top:0px !important;margin-right:0px !important;margin-bottom:0px !important;margin-left:0px !important;}.stk-1eedceb {background-color:#ffffff !important;border-top-left-radius:10px !important;border-top-right-radius:10px !important;border-bottom-right-radius:10px !important;border-bottom-left-radius:10px !important;overflow:hidden !important;box-shadow:0 5px 30px -10px #123f524d !important;padding-top:48px !important;padding-right:48px !important;padding-bottom:48px !important;padding-left:48px !important;}.stk-1eedceb:before{background-color:#ffffff !important;}<\/style><div class=\"stk-column-wrapper stk-block-column__content stk-container stk-1eedceb-container stk--no-background stk--no-padding\"><div class=\"stk-block-content stk-inner-blocks stk-1eedceb-inner-blocks\">\n<div class=\"wp-block-stackable-heading stk-block-heading stk-block-heading--v2 stk-block stk-1a78e79\" id=\"br-strong-cirugias-de-suelo-pelvico-incontinencias-y-prolapsos-femeninos-strong\" data-block-id=\"1a78e79\"><style>.stk-1a78e79 .stk-block-heading__text{text-shadow:2px 2px 4px #00000033 !important;}<\/style><h4 class=\"stk-block-heading__text has-text-align-center\"><br><strong>Cirug\u00edas de suelo p\u00e9lvico, incontinencias y prolapsos femeninos.<\/strong><\/h4><\/div>\n\n\n\n<div class=\"wp-block-stackable-text stk-block-text stk-block stk-7fb04b3\" data-block-id=\"7fb04b3\"><p class=\"stk-block-text__text has-text-align-center\"><br>Nuestro equipo de uroginecolog\u00eda est\u00e1 capacitado para diagnosticar y resolver todo tipo de patolog\u00eda del suelo p\u00e9lvico.<\/p><\/div>\n<\/div><\/div><\/div>\n\n\n\n<div class=\"wp-block-stackable-column stk-block-column stk-column stk-block stk-6dab1c8 stk-block-background\" data-v=\"4\" data-block-id=\"6dab1c8\"><style>.stk-6dab1c8-container{margin-top:0px !important;margin-right:0px !important;margin-bottom:0px !important;margin-left:0px !important;}.stk-6dab1c8 {background-color:#ffffff !important;border-top-left-radius:10px !important;border-top-right-radius:10px !important;border-bottom-right-radius:10px !important;border-bottom-left-radius:10px !important;overflow:hidden !important;box-shadow:0 5px 30px -10px #123f524d !important;padding-top:48px !important;padding-right:48px !important;padding-bottom:48px !important;padding-left:48px !important;}.stk-6dab1c8:before{background-color:#ffffff !important;}<\/style><div class=\"stk-column-wrapper stk-block-column__content stk-container stk-6dab1c8-container stk--no-background stk--no-padding\"><div class=\"stk-block-content stk-inner-blocks stk-6dab1c8-inner-blocks\">\n<div class=\"wp-block-stackable-heading stk-block-heading stk-block-heading--v2 stk-block stk-2a1a67a\" id=\"br-strong-strong-servicio-de-uro-oncologia-strong-strong\" data-block-id=\"2a1a67a\"><style>.stk-2a1a67a .stk-block-heading__text{text-shadow:2px 2px 4px #00000033 !important;}<\/style><h4 class=\"stk-block-heading__text has-text-align-center\"><br><strong><strong>Servicio de Uro Oncolog\u00eda:<\/strong><\/strong><\/h4><\/div>\n\n\n\n<div class=\"wp-block-stackable-text stk-block-text stk-block stk-328f71b\" data-block-id=\"328f71b\"><p class=\"stk-block-text__text has-text-align-center\"><br>Conformado por m\u00e9dicos uro onc\u00f3logos y onc\u00f3logos jerarquizados para el manejo multidisciplinario y especializado de toda la patolog\u00eda uro oncol\u00f3gica del adulto .<\/p><\/div>\n<\/div><\/div><\/div>\n\n\n\n<div class=\"wp-block-stackable-column stk-block-column stk-column stk-block stk-7fcbf6f stk-block-background\" data-v=\"4\" data-block-id=\"7fcbf6f\"><style>.stk-7fcbf6f-container{margin-top:0px !important;margin-right:0px !important;margin-bottom:0px !important;margin-left:0px !important;}.stk-7fcbf6f {background-color:#ffffff !important;border-top-left-radius:10px !important;border-top-right-radius:10px !important;border-bottom-right-radius:10px !important;border-bottom-left-radius:10px !important;overflow:hidden !important;box-shadow:0 5px 30px -10px #123f524d !important;padding-top:48px !important;padding-right:48px !important;padding-bottom:48px !important;padding-left:48px !important;}.stk-7fcbf6f:before{background-color:#ffffff !important;}<\/style><div class=\"stk-column-wrapper stk-block-column__content stk-container stk-7fcbf6f-container stk--no-background stk--no-padding\"><div class=\"stk-block-content stk-inner-blocks stk-7fcbf6f-inner-blocks\">\n<div class=\"wp-block-stackable-heading stk-block-heading stk-block-heading--v2 stk-block stk-ac69132\" id=\"br-strong-enfermeria-instrumentistas-quirurgicos-strong\" data-block-id=\"ac69132\"><style>.stk-ac69132 .stk-block-heading__text{text-shadow:2px 2px 4px #00000033 !important;}<\/style><h4 class=\"stk-block-heading__text has-text-align-center\"><br><strong>Enfermer\u00eda\u2013 Instrumentistas Quir\u00fargicos:<\/strong><\/h4><\/div>\n\n\n\n<div class=\"wp-block-stackable-text stk-block-text stk-block stk-3f74516\" data-block-id=\"3f74516\"><p class=\"stk-block-text__text has-text-align-center\"><br>Nuestro equipo de enfermeros e instrumentistas quir\u00fargicos est\u00e1 altamente capacitado para brindar asistencia a los m\u00e9dicos en quir\u00f3fano como as\u00ed tambi\u00e9n en la atenci\u00f3n ambulatoria en nuestro centro m\u00e9dico.<\/p><\/div>\n<\/div><\/div><\/div>\n<\/div><\/div>\n\n\n\n<div class=\"wp-block-stackable-columns stk-block-columns stk-block stk-7be4074\" data-block-id=\"7be4074\"><style>.stk-7be4074-column{--stk-column-gap:24px !important;row-gap:24px !important;}<\/style><div class=\"stk-row stk-inner-blocks stk-block-content stk-content-align stk-7be4074-column\">\n<div class=\"wp-block-stackable-column stk-block-column stk-column stk-block stk-f234cd1 stk-block-background\" data-v=\"4\" data-block-id=\"f234cd1\"><style>.stk-f234cd1-container{margin-top:0px !important;margin-right:0px !important;margin-bottom:0px !important;margin-left:0px !important;}.stk-f234cd1 {background-color:#ffffff !important;border-top-left-radius:10px !important;border-top-right-radius:10px !important;border-bottom-right-radius:10px !important;border-bottom-left-radius:10px !important;overflow:hidden !important;box-shadow:0 5px 30px -10px #123f524d !important;padding-top:48px !important;padding-right:48px !important;padding-bottom:48px !important;padding-left:48px !important;}.stk-f234cd1:before{background-color:#ffffff !important;}<\/style><div class=\"stk-column-wrapper stk-block-column__content stk-container stk-f234cd1-container stk--no-background stk--no-padding\"><div class=\"stk-block-content stk-inner-blocks stk-f234cd1-inner-blocks\">\n<div class=\"wp-block-stackable-heading stk-block-heading stk-block-heading--v2 stk-block stk-364c608\" id=\"br-strong-br-strong-consultas-ambulatorias-strong-strong\" data-block-id=\"364c608\"><style>.stk-364c608 .stk-block-heading__text{text-shadow:2px 2px 4px #00000033 !important;}<\/style><h4 class=\"stk-block-heading__text has-text-align-center\"><br><strong><br><strong>Consultas Ambulatorias :<\/strong><\/strong><\/h4><\/div>\n\n\n\n<div class=\"wp-block-stackable-text stk-block-text stk-block stk-f8e1735\" data-block-id=\"f8e1735\"><p class=\"stk-block-text__text has-text-align-center\"><br>Nuestro centro m\u00e9dico atiende en horario corrido de lunes a viernes de 8:30 a 21 hs .<\/p><\/div>\n<\/div><\/div><\/div>\n\n\n\n<div class=\"wp-block-stackable-column stk-block-column stk-column stk-block stk-8f914f5 stk-block-background\" data-v=\"4\" data-block-id=\"8f914f5\"><style>.stk-8f914f5-container{margin-top:0px !important;margin-right:0px !important;margin-bottom:0px !important;margin-left:0px !important;}.stk-8f914f5 {background-color:#ffffff !important;border-top-left-radius:10px !important;border-top-right-radius:10px !important;border-bottom-right-radius:10px !important;border-bottom-left-radius:10px !important;overflow:hidden !important;box-shadow:0 5px 30px -10px #123f524d !important;padding-top:48px !important;padding-right:48px !important;padding-bottom:48px !important;padding-left:48px !important;}.stk-8f914f5:before{background-color:#ffffff !important;}<\/style><div class=\"stk-column-wrapper stk-block-column__content stk-container stk-8f914f5-container stk--no-background stk--no-padding\"><div class=\"stk-block-content stk-inner-blocks stk-8f914f5-inner-blocks\">\n<div class=\"wp-block-stackable-heading stk-block-heading stk-block-heading--v2 stk-block stk-97bdd2a\" id=\"br-strong-br-strong-consultas-de-urgencia-strong-strong\" data-block-id=\"97bdd2a\"><style>.stk-97bdd2a .stk-block-heading__text{text-shadow:2px 2px 4px #00000033 !important;}<\/style><h4 class=\"stk-block-heading__text has-text-align-center\"><br><strong><br><strong>Consultas de Urgencia<\/strong>:<\/strong><\/h4><\/div>\n\n\n\n<div class=\"wp-block-stackable-text stk-block-text stk-block stk-b1a25b1\" data-block-id=\"b1a25b1\"><p class=\"stk-block-text__text has-text-align-center\"><br><br>Atrav\u00e9s del servicio de Guardia del Sanatorio 9 de Julio<\/p><\/div>\n<\/div><\/div><\/div>\n<\/div><\/div>\n<\/div><\/div><\/div>\n<\/div><\/div>\n","protected":false},"excerpt":{"rendered":"<p>SERVICIOS El CPU es un centro dedicado exclusivamente a la urolog\u00eda. Atendemos consultas sobre urolog\u00eda general, uro-oncolog\u00eda, litiasis y endourolog\u00eda, uroginecolog\u00eda y urodinamia, disfunciones sexuales, infertilidad y sexolog\u00eda. As\u00ed como con servicio de guardia 24 horas los 365 d\u00edas del a\u00f1o, a trav\u00e9s del Sanatorio 9 de Julio.Realizamos Intervenciones quir\u00fargicas urol\u00f3gicas de alta complejidad y [&hellip;]<\/p>\n","protected":false},"author":1,"featured_media":0,"parent":0,"menu_order":0,"comment_status":"closed","ping_status":"closed","template":"","meta":{"_joinchat":[],"footnotes":""},"class_list":["post-275","page","type-page","status-publish","hentry"],"blocksy_meta":{"has_hero_section":"disabled","vertical_spacing_source":"custom","styles_descriptor":{"styles":{"desktop":"","tablet":"","mobile":""},"google_fonts":[],"version":6},"content_area_spacing":"none"},"_links":{"self":[{"href":"https:\/\/cputucuman.com\/index.php\/wp-json\/wp\/v2\/pages\/275","targetHints":{"allow":["GET"]}}],"collection":[{"href":"https:\/\/cputucuman.com\/index.php\/wp-json\/wp\/v2\/pages"}],"about":[{"href":"https:\/\/cputucuman.com\/index.php\/wp-json\/wp\/v2\/types\/page"}],"author":[{"embeddable":true,"href":"https:\/\/cputucuman.com\/index.php\/wp-json\/wp\/v2\/users\/1"}],"replies":[{"embeddable":true,"href":"https:\/\/cputucuman.com\/index.php\/wp-json\/wp\/v2\/comments?post=275"}],"version-history":[{"count":25,"href":"https:\/\/cputucuman.com\/index.php\/wp-json\/wp\/v2\/pages\/275\/revisions"}],"predecessor-version":[{"id":583,"href":"https:\/\/cputucuman.com\/index.php\/wp-json\/wp\/v2\/pages\/275\/revisions\/583"}],"wp:attachment":[{"href":"https:\/\/cputucuman.com\/index.php\/wp-json\/wp\/v2\/media?parent=275"}],"curies":[{"name":"wp","href":"https:\/\/api.w.org\/{rel}","templated":true}]}}