{"id":17,"date":"2025-01-20T14:37:58","date_gmt":"2025-01-20T13:37:58","guid":{"rendered":"https:\/\/cputucuman.com\/?page_id=17"},"modified":"2025-02-08T21:56:33","modified_gmt":"2025-02-08T20:56:33","slug":"sobre-nosotros","status":"publish","type":"page","link":"https:\/\/cputucuman.com\/index.php\/sobre-nosotros\/","title":{"rendered":"Sobre Nosotros"},"content":{"rendered":"\n<div class=\"wp-block-stackable-columns alignfull stk-block-columns stk-block stk-5a9f468 stk-block-background stk--has-background-overlay\" data-block-id=\"5a9f468\"><style>.stk-5a9f468 {background-image:url(https:\/\/cputucuman.com\/wp-content\/uploads\/2025\/01\/fondo-pantalla.jpg) !important;padding-top:20px !important;padding-bottom:20px !important;margin-top:-67px !important;margin-bottom:0px !important;}.stk-5a9f468 > .stk-separator__bottom .stk-separator__wrapper{height:30px !important;}.stk-5a9f468 > .stk-separator__bottom svg{filter:drop-shadow(2px 4px 6px #000) !important;}<\/style><div class=\"stk-row stk-inner-blocks stk-block-content stk-content-align stk-5a9f468-column\">\n<div class=\"wp-block-stackable-column stk-block-column stk-column stk-block stk-f5ce88d\" data-v=\"4\" data-block-id=\"f5ce88d\"><style>.stk-f5ce88d {align-self:center !important;padding-top:50px !important;padding-bottom:50px !important;}.stk-f5ce88d-inner-blocks{justify-content:center !important;}<\/style><div class=\"stk-column-wrapper stk-block-column__content stk-container stk-f5ce88d-container stk--no-background stk--no-padding\"><div class=\"stk--column-flex stk-block-content stk-inner-blocks stk-f5ce88d-inner-blocks\">\n<div class=\"wp-block-stackable-heading stk-block-heading stk-block-heading--v2 stk-block stk-39a04ee\" id=\"sobre-nosotros\" data-block-id=\"39a04ee\"><style>.stk-39a04ee {box-shadow:none !important;align-items:center !important;padding-top:55px !important;margin-bottom:9px !important;display:flex !important;}.stk-39a04ee .stk-block-heading__text{text-shadow:2px 2px 4px #00000033 !important;}<\/style><h1 class=\"stk-block-heading__text has-text-align-left\">Sobre Nosotros<\/h1><\/div>\n<\/div><\/div><\/div>\n<\/div><\/div>\n\n\n\n<div class=\"wp-block-stackable-columns alignfull stk-block-columns stk-block stk-355e0ee stk-block-background\" data-block-id=\"355e0ee\"><style>.stk-355e0ee {background-color:#ffffff !important;margin-bottom:0px !important;}.stk-355e0ee:before{background-color:#ffffff !important;}.stk-355e0ee-column{--stk-columns-spacing:38px !important;}<\/style><div class=\"stk-row stk-inner-blocks stk-block-content stk-content-align stk-355e0ee-column\">\n<div class=\"wp-block-stackable-column stk-block-column stk-column stk-block stk-c6a084b\" data-v=\"4\" data-block-id=\"c6a084b\"><style>.stk-c6a084b {align-self:center !important;}<\/style><div class=\"stk-column-wrapper stk-block-column__content stk-container stk-c6a084b-container stk--no-background stk--no-padding\"><div class=\"stk-block-content stk-inner-blocks stk-c6a084b-inner-blocks\">\n<div class=\"wp-block-stackable-image stk-block-image stk-block stk-f934cee\" data-block-id=\"f934cee\"><style>.stk-f934cee .stk-img-wrapper{filter:drop-shadow(0px 5px 10px #9999995a) !important;}.stk-f934cee .stk-img-wrapper img{filter:blur(0px) !important;border-radius:8px !important;object-fit:cover !important;}<\/style><figure><span class=\"stk-img-wrapper stk-image--shape-stretch stk--shadow-0px 5px 10px #9999995a\"><img loading=\"lazy\" decoding=\"async\" class=\"stk-img wp-image-249\" src=\"https:\/\/cputucuman.com\/wp-content\/uploads\/2025\/01\/personal-cpu2.jpeg\" width=\"490\" height=\"613\"\/><\/span><\/figure><\/div>\n<\/div><\/div><\/div>\n\n\n\n<div class=\"wp-block-stackable-column stk-block-column stk-column stk-block stk-a7a0567\" data-v=\"4\" data-block-id=\"a7a0567\"><div class=\"stk-column-wrapper stk-block-column__content stk-container stk-a7a0567-container stk--no-background stk--no-padding\"><div class=\"has-text-align-left stk-block-content stk-inner-blocks stk-a7a0567-inner-blocks\">\n<div class=\"wp-block-stackable-heading stk-block-heading stk-block-heading--v2 stk-block stk-d372e90\" id=\"cpu\" data-block-id=\"d372e90\"><style>.stk-d372e90 .stk-block-heading__text{text-shadow:2px 2px 4px #00000033 !important;}<\/style><h2 class=\"stk-block-heading__text\">CPU<\/h2><\/div>\n\n\n\n<div class=\"wp-block-stackable-text stk-block-text stk-block stk-ad8fd35\" data-block-id=\"ad8fd35\"><p class=\"stk-block-text__text\">Somos una instituci\u00f3n m\u00e9dica privada, dedicada de manera exclusiva y especializada a todo tipo de afecciones urol\u00f3gicas de adultos.<\/p><\/div>\n\n\n\n<p>Nuestro equipo de profesionales est\u00e1 conformado por ur\u00f3logos certificados a nivel Provincial y Nacional. <\/p>\n\n\n\n<p>M\u00e1s de 15 a\u00f1os de experiencia en atenci\u00f3n m\u00e9dica, tecnolog\u00eda de \u00faltima generaci\u00f3n y una vocaci\u00f3n de constante servicio a nuestros pacientes, son los pilares de nuestra instituci\u00f3n.<\/p>\n\n\n\n<p>Conformamos un espacio m\u00e9dico y acad\u00e9mico donde todas las personas pueden acceder a informaci\u00f3n, diagn\u00f3stico, orientaci\u00f3n en salud y tratamiento de las patolog\u00edas urol\u00f3gicas.<\/p>\n\n\n\n<p>Contamos con formaci\u00f3n en investigaci\u00f3n cl\u00ednica y amplia experiencia acompa\u00f1ando la formaci\u00f3n ininterrumpida de los futuros profesionales en urolog\u00eda en Tucum\u00e1n.<\/p>\n<\/div><\/div><\/div>\n<\/div><\/div>\n\n\n\n<div class=\"wp-block-stackable-columns alignfull stk-block-columns stk-has-top-separator stk-block stk-4362501 stk-block-background stk--has-background-overlay\" data-block-id=\"4362501\"><style>.stk-4362501 {background-color:#e0ecf6 !important;background-image:url(https:\/\/cputucuman.com\/wp-content\/uploads\/2025\/01\/fondo-pantalla.jpg) !important;margin-bottom:0px !important;}.stk-4362501:before{background-color:#e0ecf6 !important;opacity:0.5 !important;}.stk-4362501 > .stk-separator__top .stk-separator__wrapper{height:120px !important;}.stk-4362501 > .stk-separator__top svg{filter:drop-shadow(0px 0 2px #78787880) !important;}<\/style><div class=\"stk-separator stk-separator__top\"><div class=\"stk-separator__wrapper\"><svg xmlns=\"http:\/\/www.w3.org\/2000\/svg\" viewBox=\"0 0 1600 200\" class=\"stk-separator__layer-1\" preserveAspectRatio=\"none\" aria-hidden=\"true\"><path class=\"wave-3_svg__st2\" d=\"M1413.6 161.4c-157.9 0-338.2-37.7-495.1-67.4-215.6-40.8-328.1-44.6-418.2-41.1S317 73.4 188.4 102-10 136.2-10 136.2v74.2h1620v-68.5s-68.8 19.5-196.4 19.5z\"><\/path><\/svg><\/div><\/div><div class=\"stk-row stk-inner-blocks stk-block-content stk-content-align stk-4362501-column\">\n<div class=\"wp-block-stackable-column stk-block-column stk-column stk-block stk-1c29f7a\" data-v=\"4\" data-block-id=\"1c29f7a\"><div class=\"stk-column-wrapper stk-block-column__content stk-container stk-1c29f7a-container stk--no-background stk--no-padding\"><div class=\"stk-block-content stk-inner-blocks stk-1c29f7a-inner-blocks\"><style id=\"wp_carousel_dynamic_css518\">.sp-wp-carousel-free-id-518.wpcf-fancybox-wrapper .fancybox-bg{background: #0b0b0b;opacity: 0.8;}.sp-wp-carousel-free-id-518.wpcf-fancybox-wrapper .fancybox-navigation .fancybox-button .wpcp-fancybox-nav-arrow i {color: #ccc;}.sp-wp-carousel-free-id-518.wpcf-fancybox-wrapper .fancybox-navigation .fancybox-button .wpcp-fancybox-nav-arrow i:hover {color: #fff;}.sp-wp-carousel-free-id-518.wpcf-fancybox-wrapper .fancybox-navigation .fancybox-button {background: #1e1e1e;}.sp-wp-carousel-free-id-518.wpcf-fancybox-wrapper .fancybox-navigation .fancybox-button:hover {background: #1e1e1e;}#sp-wp-carousel-free-id-518 .wpcp-swiper-dots {margin: 40px 0px 0px 0px;}.wpcp-wrapper-518 .swiper-wrapper .swiper-slide-kenburn, .wpcp-wrapper-518 .swiper-wrapper, .wpcp-wrapper-518 .wpcpro-row{align-items: center;}#sp-wp-carousel-free-id-518 .wpcp-single-item {box-shadow: 0px 0px 0px 0px #dddddd;transition: all .3s;margin: 0px;}#sp-wp-carousel-free-id-518.swiper-flip .wpcp-single-item{margin: 0!important;}#sp-wp-carousel-free-id-518 .wpcp-single-item:hover {box-shadow: 0px 0px 0px 0px #dddddd;}#sp-wp-carousel-free-id-518.sp-wpcp-518 .wpcp-single-item {border: 1px solid #dddddd;}#sp-wp-carousel-free-id-518.wpcp-carousel-section.sp-wpcp-518 .swiper-button-prev,#sp-wp-carousel-free-id-518.wpcp-carousel-section.sp-wpcp-518 .swiper-button-next,#sp-wp-carousel-free-id-518.wpcp-carousel-section.sp-wpcp-518 .swiper-button-prev:hover,#sp-wp-carousel-free-id-518.wpcp-carousel-section.sp-wpcp-518 .swiper-button-next:hover {font-size: 18px ; font-weight: 400;}#sp-wp-carousel-free-id-518.sp-wpcp-518 .swiper-button-prev,#sp-wp-carousel-free-id-518.sp-wpcp-518 .swiper-button-next,#sp-wp-carousel-free-id-518.sp-wpcp-518 .swiper-button-prev:hover,#sp-wp-carousel-free-id-518.sp-wpcp-518 .swiper-button-next:hover {background: none;border: none;font-size: 30px;}#sp-wp-carousel-free-id-518.sp-wpcp-518 .swiper-button-prev i,#sp-wp-carousel-free-id-518.sp-wpcp-518 .swiper-button-next i {color: #aaa;}#sp-wp-carousel-free-id-518.sp-wpcp-518 .swiper-button-prev i:hover,#sp-wp-carousel-free-id-518.sp-wpcp-518 .swiper-button-next i:hover {color: #178087;}#sp-wp-carousel-free-id-518.sp-wpcp-518 .wpcp-swiper-dots .swiper-pagination-bullet {background-color: #cccccc;}#sp-wp-carousel-free-id-518.sp-wpcp-518 .wpcp-swiper-dots .swiper-pagination-bullet.swiper-pagination-bullet-active {background-color: #178087;} #sp-wp-carousel-free-id-518.sp-wpcp-518.wpcp-image-carousel .wpcp-single-item:hover img, #sp-wp-carousel-free-id-518.sp-wpcp-518.wpcp-post-carousel .wpcp-single-item:hover img, #sp-wp-carousel-free-id-518.sp-wpcp-518.wpcp-product-carousel .wpcp-single-item:hover img{-webkit-transform: scale(1.2);-moz-transform: scale(1.2);transform: scale(1.2);}#sp-wp-carousel-free-id-518 .wpcpro-row>[class*=\"wpcpro-col-\"] { padding: 0 10px; padding-bottom: 20px;} #sp-wp-carousel-free-id-518 .swiper-slide .single-item-fade:not(:last-child) { margin-right: 20px;}@media (min-width: 480px) { .wpcpro-row .wpcpro-col-sm-1 { flex: 0 0 100%; max-width: 100%; } .wpcpro-row .wpcpro-col-sm-2 { flex: 0 0 50%; max-width: 50%; } .wpcpro-row .wpcpro-col-sm-2-5 { flex: 0 0 75%; max-width: 75%; } .wpcpro-row .wpcpro-col-sm-3 { flex: 0 0 33.333%; max-width: 33.333%; } .wpcpro-row .wpcpro-col-sm-4 { flex: 0 0 25%; max-width: 25%; } .wpcpro-row .wpcpro-col-sm-5 { flex: 0 0 20%; max-width: 20%; } .wpcpro-row .wpcpro-col-sm-6 { flex: 0 0 16.66666666666667%; max-width: 16.66666666666667%; } .wpcpro-row .wpcpro-col-sm-7 { flex: 0 0 14.28571428%; max-width: 14.28571428%; } .wpcpro-row .wpcpro-col-sm-8 { flex: 0 0 12.5%; max-width: 12.5%; } } @media (max-width: 480px) { .wpcpro-row .wpcpro-col-xs-1 { flex: 0 0 100%; max-width: 100%; } .wpcpro-row .wpcpro-col-xs-2 { flex: 0 0 50%; max-width: 50%; } .wpcpro-row .wpcpro-col-xs-3 { flex: 0 0 33.222%; max-width: 33.222%; } .wpcpro-row .wpcpro-col-xs-4 { flex: 0 0 25%; max-width: 25%; } .wpcpro-row .wpcpro-col-xs-5 { flex: 0 0 20%; max-width: 20%; } .wpcpro-row .wpcpro-col-xs-6 { flex: 0 0 16.6667%; max-width: 16.6667%; } .wpcpro-row .wpcpro-col-xs-7 { flex: 0 0 14.28571428%; max-width: 14.28571428%; } .wpcpro-row .wpcpro-col-xs-8 { flex: 0 0 12.5%; max-width: 12.5%; } } @media (min-width: 736px) { .wpcpro-row .wpcpro-col-md-1 { flex: 0 0 100%; max-width: 100%; } .wpcpro-row .wpcpro-col-md-2 { flex: 0 0 50%; max-width: 50%; } .wpcpro-row .wpcpro-col-md-2-5 { flex: 0 0 75%; max-width: 75%; } .wpcpro-row .wpcpro-col-md-3 { flex: 0 0 33.333%; max-width: 33.333%; } .wpcpro-row .wpcpro-col-md-4 { flex: 0 0 25%; max-width: 25%; } .wpcpro-row .wpcpro-col-md-5 { flex: 0 0 20%; max-width: 20%; } .wpcpro-row .wpcpro-col-md-6 { flex: 0 0 16.66666666666667%; max-width: 16.66666666666667%; } .wpcpro-row .wpcpro-col-md-7 { flex: 0 0 14.28571428%; max-width: 14.28571428%; } .wpcpro-row .wpcpro-col-md-8 { flex: 0 0 12.5%; max-width: 12.5%; } } @media (min-width: 980px) { .wpcpro-row .wpcpro-col-lg-1 { flex: 0 0 100%; max-width: 100%; } .wpcpro-row .wpcpro-col-lg-2 { flex: 0 0 50%; max-width: 50%; } .wpcpro-row .wpcpro-col-lg-3 { flex: 0 0 33.222%; max-width: 33.222%; } .wpcpro-row .wpcpro-col-lg-4 { flex: 0 0 25%; max-width: 25%; } .wpcpro-row .wpcpro-col-lg-5 { flex: 0 0 20%; max-width: 20%; } .wpcpro-row .wpcpro-col-lg-6 { flex: 0 0 16.6667%; max-width: 16.6667%; } .wpcpro-row .wpcpro-col-lg-7 { flex: 0 0 14.28571428%; max-width: 14.28571428%; } .wpcpro-row .wpcpro-col-lg-8 { flex: 0 0 12.5%; max-width: 12.5%; } } @media (min-width: 1200px) { .wpcpro-row .wpcpro-col-xl-1 { flex: 0 0 100%; max-width: 100%; } .wpcpro-row .wpcpro-col-xl-2 { flex: 0 0 50%; max-width: 50%; } .wpcpro-row .wpcpro-col-xl-3 { flex: 0 0 33.22222222%; max-width: 33.22222222%; } .wpcpro-row .wpcpro-col-xl-4 { flex: 0 0 25%; max-width: 25%; } .wpcpro-row .wpcpro-col-xl-5 { flex: 0 0 20%; max-width: 20%; } .wpcpro-row .wpcpro-col-xl-6 { flex: 0 0 16.66667%; max-width: 16.66667%; } .wpcpro-row .wpcpro-col-xl-7 { flex: 0 0 14.28571428%; max-width: 14.28571428%; } .wpcpro-row .wpcpro-col-xl-8 { flex: 0 0 12.5%; max-width: 12.5%; } }<\/style><div class=\"wpcp-carousel-wrapper wpcp-wrapper-518\">\n\t<div id=\"wpcp-preloader-518\" class=\"wpcp-carousel-preloader\"><img decoding=\"async\" src=\"https:\/\/cputucuman.com\/wp-content\/plugins\/wp-carousel-free\/public\/css\/spinner.svg\" alt=\"Preloader Image\" \/><\/div>\t<div class=\"wpcp-carousel-content-wrapper\">\n\t<div id=\"sp-wp-carousel-free-id-518\" class=\"wpcp-carousel-section sp-wpcp-518  nav-vertical-center wpcp-image-carousel wpcp-preloader wpcp-standard\" data-swiper='{ &quot;pagination_type&quot;: &quot;dots&quot;,&quot;accessibility&quot;:true, &quot;spaceBetween&quot;:20, &quot;arrows&quot;:true, &quot;freeMode&quot;: false, &quot;autoplay&quot;:true, &quot;effect&quot;: &quot;&quot;, &quot;centerMode&quot;: false, &quot;autoplaySpeed&quot;:3000, &quot;dots&quot;:true, &quot;infinite&quot;:true, &quot;speed&quot;:600, &quot;pauseOnHover&quot;:true,\n\t\t\t&quot;slidesToShow&quot;:{&quot;lg_desktop&quot;:5, &quot;desktop&quot;: 4, &quot;laptop&quot;: 3, &quot;tablet&quot;: 2, &quot;mobile&quot;: 1}, &quot;responsive&quot;:{&quot;desktop&quot;:1200, &quot;laptop&quot;: 980, &quot;tablet&quot;: 736, &quot;mobile&quot;: 480}, &quot;rtl&quot;:false, &quot;lazyLoad&quot;: &quot;false&quot;, &quot;swipe&quot;: true, &quot;draggable&quot;: true, &quot;swipeToSlide&quot;:false }' dir=\"ltr\">\n\t\t<div class=\"swiper-wrapper\">\n\t\t<div class=\"swiper-slide\">\n\t<div class=\"wpcp-single-item\">\n\t\t\t<a class=\"wcp-light-box\" data-buttons='[\"close\"]' data-wpc_url='https:\/\/cputucuman.com\/wp-content\/uploads\/2025\/01\/quirofano1.jpeg' href=\"https:\/\/cputucuman.com\/wp-content\/uploads\/2025\/01\/quirofano1.jpeg\" data-fancybox=\"wpcp_view\">\n\t\t<figure>\n\t\t\t<img loading=\"lazy\" decoding=\"async\" class=\"skip-lazy\" src=\"https:\/\/cputucuman.com\/wp-content\/uploads\/2025\/01\/quirofano1.jpeg\" alt=\"quirofano1\" width=\"720\" height=\"715\">\t\t<\/figure>\n\t<\/a>\n\t\t<\/div>\n<\/div>\n\t<div class=\"swiper-slide\">\n\t<div class=\"wpcp-single-item\">\n\t\t\t<a class=\"wcp-light-box\" data-buttons='[\"close\"]' data-wpc_url='https:\/\/cputucuman.com\/wp-content\/uploads\/2025\/01\/quirofano4.jpeg' href=\"https:\/\/cputucuman.com\/wp-content\/uploads\/2025\/01\/quirofano4.jpeg\" data-fancybox=\"wpcp_view\">\n\t\t<figure>\n\t\t\t<img loading=\"lazy\" decoding=\"async\" class=\"skip-lazy\" src=\"https:\/\/cputucuman.com\/wp-content\/uploads\/2025\/01\/quirofano4.jpeg\" alt=\"quirofano4\" width=\"611\" height=\"620\">\t\t<\/figure>\n\t<\/a>\n\t\t<\/div>\n<\/div>\n\t<div class=\"swiper-slide\">\n\t<div class=\"wpcp-single-item\">\n\t\t\t<a class=\"wcp-light-box\" data-buttons='[\"close\"]' data-wpc_url='https:\/\/cputucuman.com\/wp-content\/uploads\/2025\/02\/dr.Cesar-Chuchuy-1.png' href=\"https:\/\/cputucuman.com\/wp-content\/uploads\/2025\/02\/dr.Cesar-Chuchuy-1.png\" data-fancybox=\"wpcp_view\">\n\t\t<figure>\n\t\t\t<img loading=\"lazy\" decoding=\"async\" class=\"skip-lazy\" src=\"https:\/\/cputucuman.com\/wp-content\/uploads\/2025\/02\/dr.Cesar-Chuchuy-1.png\" alt=\"dr.Cesar Chuchuy\" width=\"752\" height=\"440\">\t\t<\/figure>\n\t<\/a>\n\t\t<\/div>\n<\/div>\n\t<div class=\"swiper-slide\">\n\t<div class=\"wpcp-single-item\">\n\t\t\t<a class=\"wcp-light-box\" data-buttons='[\"close\"]' data-wpc_url='https:\/\/cputucuman.com\/wp-content\/uploads\/2025\/02\/dr.Federico-Chuchuy-2.png' href=\"https:\/\/cputucuman.com\/wp-content\/uploads\/2025\/02\/dr.Federico-Chuchuy-2.png\" data-fancybox=\"wpcp_view\">\n\t\t<figure>\n\t\t\t<img loading=\"lazy\" decoding=\"async\" class=\"skip-lazy\" src=\"https:\/\/cputucuman.com\/wp-content\/uploads\/2025\/02\/dr.Federico-Chuchuy-2.png\" alt=\"dr.Federico Chuchuy\" width=\"752\" height=\"471\">\t\t<\/figure>\n\t<\/a>\n\t\t<\/div>\n<\/div>\n\t<div class=\"swiper-slide\">\n\t<div class=\"wpcp-single-item\">\n\t\t\t<a class=\"wcp-light-box\" data-buttons='[\"close\"]' data-wpc_url='https:\/\/cputucuman.com\/wp-content\/uploads\/2025\/02\/dr.Facundo-Guraiib-2.png' href=\"https:\/\/cputucuman.com\/wp-content\/uploads\/2025\/02\/dr.Facundo-Guraiib-2.png\" data-fancybox=\"wpcp_view\">\n\t\t<figure>\n\t\t\t<img loading=\"lazy\" decoding=\"async\" class=\"skip-lazy\" src=\"https:\/\/cputucuman.com\/wp-content\/uploads\/2025\/02\/dr.Facundo-Guraiib-2.png\" alt=\"dr.Facundo Guraiib\" width=\"752\" height=\"471\">\t\t<\/figure>\n\t<\/a>\n\t\t<\/div>\n<\/div>\n\t<div class=\"swiper-slide\">\n\t<div class=\"wpcp-single-item\">\n\t\t\t<a class=\"wcp-light-box\" data-buttons='[\"close\"]' data-wpc_url='https:\/\/cputucuman.com\/wp-content\/uploads\/2025\/02\/dr.Jose-Ildarraz-4.png' href=\"https:\/\/cputucuman.com\/wp-content\/uploads\/2025\/02\/dr.Jose-Ildarraz-4.png\" data-fancybox=\"wpcp_view\">\n\t\t<figure>\n\t\t\t<img loading=\"lazy\" decoding=\"async\" class=\"skip-lazy\" src=\"https:\/\/cputucuman.com\/wp-content\/uploads\/2025\/02\/dr.Jose-Ildarraz-4.png\" alt=\"dr.Jose Ildarraz\" width=\"752\" height=\"490\">\t\t<\/figure>\n\t<\/a>\n\t\t<\/div>\n<\/div>\n\t<div class=\"swiper-slide\">\n\t<div class=\"wpcp-single-item\">\n\t\t\t<a class=\"wcp-light-box\" data-buttons='[\"close\"]' data-wpc_url='https:\/\/cputucuman.com\/wp-content\/uploads\/2025\/02\/dr.Juan-Pablo-Orell-1.png' href=\"https:\/\/cputucuman.com\/wp-content\/uploads\/2025\/02\/dr.Juan-Pablo-Orell-1.png\" data-fancybox=\"wpcp_view\">\n\t\t<figure>\n\t\t\t<img loading=\"lazy\" decoding=\"async\" class=\"skip-lazy\" src=\"https:\/\/cputucuman.com\/wp-content\/uploads\/2025\/02\/dr.Juan-Pablo-Orell-1.png\" alt=\"dr.Juan Pablo Orell\" width=\"752\" height=\"444\">\t\t<\/figure>\n\t<\/a>\n\t\t<\/div>\n<\/div>\n\t<div class=\"swiper-slide\">\n\t<div class=\"wpcp-single-item\">\n\t\t\t<a class=\"wcp-light-box\" data-buttons='[\"close\"]' data-wpc_url='https:\/\/cputucuman.com\/wp-content\/uploads\/2025\/02\/dr.Pablo-Mena1-1.jpeg' href=\"https:\/\/cputucuman.com\/wp-content\/uploads\/2025\/02\/dr.Pablo-Mena1-1.jpeg\" data-fancybox=\"wpcp_view\">\n\t\t<figure>\n\t\t\t<img loading=\"lazy\" decoding=\"async\" class=\"skip-lazy\" src=\"https:\/\/cputucuman.com\/wp-content\/uploads\/2025\/02\/dr.Pablo-Mena1-1.jpeg\" alt=\"dr.Pablo Mena1\" width=\"1075\" height=\"691\">\t\t<\/figure>\n\t<\/a>\n\t\t<\/div>\n<\/div>\n\t<div class=\"swiper-slide\">\n\t<div class=\"wpcp-single-item\">\n\t\t\t<a class=\"wcp-light-box\" data-buttons='[\"close\"]' data-wpc_url='https:\/\/cputucuman.com\/wp-content\/uploads\/2025\/02\/dr.Pablo-Roggia-2.png' href=\"https:\/\/cputucuman.com\/wp-content\/uploads\/2025\/02\/dr.Pablo-Roggia-2.png\" data-fancybox=\"wpcp_view\">\n\t\t<figure>\n\t\t\t<img loading=\"lazy\" decoding=\"async\" class=\"skip-lazy\" src=\"https:\/\/cputucuman.com\/wp-content\/uploads\/2025\/02\/dr.Pablo-Roggia-2.png\" alt=\"dr.Pablo Roggia\" width=\"752\" height=\"471\">\t\t<\/figure>\n\t<\/a>\n\t\t<\/div>\n<\/div>\n\t<div class=\"swiper-slide\">\n\t<div class=\"wpcp-single-item\">\n\t\t\t<a class=\"wcp-light-box\" data-buttons='[\"close\"]' data-wpc_url='https:\/\/cputucuman.com\/wp-content\/uploads\/2025\/02\/dr.Ramiro-Taboada-2.png' href=\"https:\/\/cputucuman.com\/wp-content\/uploads\/2025\/02\/dr.Ramiro-Taboada-2.png\" data-fancybox=\"wpcp_view\">\n\t\t<figure>\n\t\t\t<img loading=\"lazy\" decoding=\"async\" class=\"skip-lazy\" src=\"https:\/\/cputucuman.com\/wp-content\/uploads\/2025\/02\/dr.Ramiro-Taboada-2.png\" alt=\"dr.Ramiro Taboada\" width=\"752\" height=\"471\">\t\t<\/figure>\n\t<\/a>\n\t\t<\/div>\n<\/div>\n\t<div class=\"swiper-slide\">\n\t<div class=\"wpcp-single-item\">\n\t\t\t<a class=\"wcp-light-box\" data-buttons='[\"close\"]' data-wpc_url='https:\/\/cputucuman.com\/wp-content\/uploads\/2025\/02\/dr.saavera-1.png' href=\"https:\/\/cputucuman.com\/wp-content\/uploads\/2025\/02\/dr.saavera-1.png\" data-fancybox=\"wpcp_view\">\n\t\t<figure>\n\t\t\t<img loading=\"lazy\" decoding=\"async\" class=\"skip-lazy\" src=\"https:\/\/cputucuman.com\/wp-content\/uploads\/2025\/02\/dr.saavera-1.png\" alt=\"dr.saavera\" width=\"752\" height=\"492\">\t\t<\/figure>\n\t<\/a>\n\t\t<\/div>\n<\/div>\n\t<div class=\"swiper-slide\">\n\t<div class=\"wpcp-single-item\">\n\t\t\t<a class=\"wcp-light-box\" data-buttons='[\"close\"]' data-wpc_url='https:\/\/cputucuman.com\/wp-content\/uploads\/2025\/02\/dr.Vicente-Teran-2.png' href=\"https:\/\/cputucuman.com\/wp-content\/uploads\/2025\/02\/dr.Vicente-Teran-2.png\" data-fancybox=\"wpcp_view\">\n\t\t<figure>\n\t\t\t<img loading=\"lazy\" decoding=\"async\" class=\"skip-lazy\" src=\"https:\/\/cputucuman.com\/wp-content\/uploads\/2025\/02\/dr.Vicente-Teran-2.png\" alt=\"dr.Vicente Teran\" width=\"752\" height=\"494\">\t\t<\/figure>\n\t<\/a>\n\t\t<\/div>\n<\/div>\n\t<div class=\"swiper-slide\">\n\t<div class=\"wpcp-single-item\">\n\t\t\t<a class=\"wcp-light-box\" data-buttons='[\"close\"]' data-wpc_url='https:\/\/cputucuman.com\/wp-content\/uploads\/2025\/02\/dra.Elisa-Arroyo-2.png' href=\"https:\/\/cputucuman.com\/wp-content\/uploads\/2025\/02\/dra.Elisa-Arroyo-2.png\" data-fancybox=\"wpcp_view\">\n\t\t<figure>\n\t\t\t<img loading=\"lazy\" decoding=\"async\" class=\"skip-lazy\" src=\"https:\/\/cputucuman.com\/wp-content\/uploads\/2025\/02\/dra.Elisa-Arroyo-2.png\" alt=\"dra.Elisa Arroyo\" width=\"752\" height=\"471\">\t\t<\/figure>\n\t<\/a>\n\t\t<\/div>\n<\/div>\n\t\t\t<\/div>\n\t\t\t\t\t<div class=\"wpcp-swiper-dots swiper-pagination\"><\/div>\n\t\t\t\t<!-- If we need navigation buttons -->\n\t\t\t\t\t<div class=\"wpcp-prev-button swiper-button-prev\"><i class=\"fa fa-angle-left\"><\/i><\/div>\n\t\t\t<div class=\"wpcp-next-button swiper-button-next\"><i class=\"fa fa-angle-right\"><\/i><\/div>\n\t\t\t<\/div>\n\t<\/div>\n<\/div>\n\n\n\n\n<div class=\"wp-block-stackable-spacer stk-block-spacer stk--no-padding stk-block stk-c2616d6\" data-block-id=\"c2616d6\"><style>.stk-c2616d6 {height:100px !important;}<\/style><\/div>\n<\/div><\/div><\/div>\n<\/div><\/div>\n","protected":false},"excerpt":{"rendered":"<p>Sobre Nosotros CPU Somos una instituci\u00f3n m\u00e9dica privada, dedicada de manera exclusiva y especializada a todo tipo de afecciones urol\u00f3gicas de adultos. Nuestro equipo de profesionales est\u00e1 conformado por ur\u00f3logos certificados a nivel Provincial y Nacional. M\u00e1s de 15 a\u00f1os de experiencia en atenci\u00f3n m\u00e9dica, tecnolog\u00eda de \u00faltima generaci\u00f3n y una vocaci\u00f3n de constante servicio [&hellip;]<\/p>\n","protected":false},"author":1,"featured_media":0,"parent":0,"menu_order":0,"comment_status":"closed","ping_status":"closed","template":"","meta":{"_joinchat":[],"footnotes":""},"class_list":["post-17","page","type-page","status-publish","hentry"],"blocksy_meta":{"has_hero_section":"disabled","vertical_spacing_source":"custom","styles_descriptor":{"styles":{"desktop":"","tablet":"","mobile":""},"google_fonts":[],"version":6},"content_area_spacing":"none"},"_links":{"self":[{"href":"https:\/\/cputucuman.com\/index.php\/wp-json\/wp\/v2\/pages\/17","targetHints":{"allow":["GET"]}}],"collection":[{"href":"https:\/\/cputucuman.com\/index.php\/wp-json\/wp\/v2\/pages"}],"about":[{"href":"https:\/\/cputucuman.com\/index.php\/wp-json\/wp\/v2\/types\/page"}],"author":[{"embeddable":true,"href":"https:\/\/cputucuman.com\/index.php\/wp-json\/wp\/v2\/users\/1"}],"replies":[{"embeddable":true,"href":"https:\/\/cputucuman.com\/index.php\/wp-json\/wp\/v2\/comments?post=17"}],"version-history":[{"count":55,"href":"https:\/\/cputucuman.com\/index.php\/wp-json\/wp\/v2\/pages\/17\/revisions"}],"predecessor-version":[{"id":582,"href":"https:\/\/cputucuman.com\/index.php\/wp-json\/wp\/v2\/pages\/17\/revisions\/582"}],"wp:attachment":[{"href":"https:\/\/cputucuman.com\/index.php\/wp-json\/wp\/v2\/media?parent=17"}],"curies":[{"name":"wp","href":"https:\/\/api.w.org\/{rel}","templated":true}]}}