{"id":16,"date":"2025-01-20T14:37:58","date_gmt":"2025-01-20T13:37:58","guid":{"rendered":"https:\/\/cputucuman.com\/?page_id=16"},"modified":"2025-02-10T22:06:29","modified_gmt":"2025-02-10T21:06:29","slug":"inicio","status":"publish","type":"page","link":"https:\/\/cputucuman.com\/","title":{"rendered":"Inicio"},"content":{"rendered":"\n<div class=\"wp-block-stackable-columns alignfull stk-block-columns stk-has-bottom-separator stk-block stk-c2a98d6 stk-block-background stk--has-background-overlay\" data-block-id=\"c2a98d6\"><style>.stk-c2a98d6 .stk--block-align-c2a98d6{align-items:center !important;}.stk-c2a98d6 {background-color:var(--theme-palette-color-2, #E0ECF6) !important;background-image:url(https:\/\/cputucuman.com\/wp-content\/uploads\/2025\/02\/cpuhorizontal-sinfondoA.png) !important;background-position:top left !important;background-repeat:no-repeat !important;background-size:cover !important;min-height:705px !important;align-items:center !important;padding-top:0px !important;padding-right:0px !important;padding-bottom:0px !important;padding-left:0px !important;margin-bottom:0px !important;display:flex !important;}.stk-c2a98d6:before{background-color:var(--theme-palette-color-2, #E0ECF6) !important;opacity:0.1 !important;}.stk-c2a98d6 > .stk-separator__bottom .stk-separator__wrapper{height:265px !important;}.stk-c2a98d6 > .stk-separator__bottom svg{filter:drop-shadow(2px 4px 6px #000) !important;}@media screen and (max-width:999px){.stk-c2a98d6 {background-size:contain !important;}}<\/style><div class=\"stk-row stk-inner-blocks has-text-align-center stk--block-align-c2a98d6 stk-block-content stk-content-align stk-c2a98d6-column\">\n<div class=\"wp-block-stackable-column stk-block-column stk-column stk-block stk-50f358d\" data-v=\"4\" data-block-id=\"50f358d\"><style>.stk-50f358d {align-self:center !important;}.stk-50f358d-inner-blocks{justify-content:center !important;}<\/style><div class=\"stk-column-wrapper stk-block-column__content stk-container stk-50f358d-container stk--no-background stk--no-padding\"><div class=\"stk--column-flex stk-block-content stk-inner-blocks stk-50f358d-inner-blocks\">\n<div class=\"wp-block-stackable-button-group stk-block-button-group stk-block stk-1960fcd\" data-block-id=\"1960fcd\"><style>.stk-1960fcd .stk-button-group{flex-direction:row !important;}.stk-1960fcd {margin-bottom:64px !important;}@media screen and (max-width:999px){.stk-1960fcd .stk-button-group{flex-direction:row !important;}}@media screen and (max-width:689px){.stk-1960fcd .stk-button-group{flex-direction:row !important;}}<\/style><div class=\"stk-row stk-inner-blocks stk-block-content stk-button-group\">\n<div class=\"wp-block-stackable-button stk-block-button is-style-ghost stk-block stk-dd613d0\" data-block-id=\"dd613d0\"><style>.stk-dd613d0 .stk-button{background:#234086 !important;border-top-left-radius:7px !important;border-top-right-radius:7px !important;border-bottom-right-radius:7px !important;border-bottom-left-radius:7px !important;}.stk-dd613d0 .stk-button:hover:after{background:transparent !important;opacity:1 !important;}:where(.stk-hover-parent:hover,  .stk-hover-parent.stk--is-hovered) .stk-dd613d0 .stk-button:after{background:transparent !important;opacity:1 !important;}.stk-dd613d0 .stk-button:before{border-style:solid !important;border-color:#234086 !important;}.stk-dd613d0 .stk-button__inner-text{color:#ffffff !important;}<\/style><a class=\"stk-link stk-button stk--hover-effect-lift-scale\" href=\"https:\/\/cputucuman.com\/index.php\/equipo\/\"><span class=\"has-text-color stk-button__inner-text\">RESERVE SU TURNO<\/span><\/a><\/div>\n<\/div><\/div>\n\n\n\n<div class=\"wp-block-stackable-spacer stk-block-spacer stk--no-padding stk-block stk-2bb3b3a\" data-block-id=\"2bb3b3a\"><style>.stk-2bb3b3a {height:362px !important;}@media screen and (max-width:689px){.stk-2bb3b3a {height:127px !important;}}<\/style><\/div>\n<\/div><\/div><\/div>\n<\/div><div class=\"stk-separator stk-separator__bottom\"><div class=\"stk-separator__wrapper\"><svg xmlns=\"http:\/\/www.w3.org\/2000\/svg\" viewBox=\"0 0 1600 200\" class=\"stk-separator__layer-1\" preserveAspectRatio=\"none\" aria-hidden=\"true\"><path class=\"slant-2_svg__st1\" d=\"M1610 39.2V209H-10V39.2l810 118.9 810-118.9z\"><\/path><\/svg><\/div><\/div><\/div>\n\n\n\n<div class=\"wp-block-stackable-columns alignfull stk-block-columns stk-block stk-f31c28a stk-block-background\" data-block-id=\"f31c28a\"><style>.stk-f31c28a {background-color:#ffffff !important;}.stk-f31c28a:before{background-color:#ffffff !important;}.stk-f31c28a-column{--stk-column-gap:94px !important;}<\/style><div class=\"stk-row stk-inner-blocks stk-block-content stk-content-align stk-f31c28a-column\">\n<div class=\"wp-block-stackable-column stk-block-column stk-column stk-block stk-1d74443\" data-v=\"4\" data-block-id=\"1d74443\"><div class=\"stk-column-wrapper stk-block-column__content stk-container stk-1d74443-container stk--no-background stk--no-padding\"><div class=\"stk-block-content stk-inner-blocks stk-1d74443-inner-blocks\">\n<div class=\"wp-block-stackable-heading stk-block-heading stk-block-heading--v2 stk-block stk-6a0207a\" id=\"somos-referentes-en-urologia-de-adultos-en-el-noa-contamos-con-tecnologia-de-ultima-generacion\" data-block-id=\"6a0207a\"><h5 class=\"stk-block-heading__text\">\u00abSomos referentes en urolog\u00eda de adultos en el NOA. Contamos con tecnolog\u00eda de \u00faltima generaci\u00f3n\u00bb<\/h5><\/div>\n\n\n\n<div class=\"wp-block-stackable-image stk-block-image stk-block stk-76023c7\" data-block-id=\"76023c7\"><style>.stk-76023c7 {border-top-left-radius:10px !important;border-top-right-radius:10px !important;border-bottom-right-radius:10px !important;border-bottom-left-radius:10px !important;overflow:hidden !important;box-shadow:0 5px 30px -10px #123f524d !important;}<\/style><figure><span class=\"stk-img-wrapper stk-image--shape-stretch\"><img loading=\"lazy\" decoding=\"async\" class=\"stk-img wp-image-565\" src=\"https:\/\/cputucuman.com\/wp-content\/uploads\/2025\/02\/laser1.png\" width=\"729\" height=\"790\"\/><\/span><\/figure><\/div>\n<\/div><\/div><\/div>\n\n\n\n<div class=\"wp-block-stackable-column stk-block-column stk-column stk-block stk-67061af\" data-v=\"4\" data-block-id=\"67061af\"><div class=\"stk-column-wrapper stk-block-column__content stk-container stk-67061af-container stk--no-background stk--no-padding\"><div class=\"stk-block-content stk-inner-blocks stk-67061af-inner-blocks\">\n<figure class=\"wp-block-image size-full\"><img loading=\"lazy\" decoding=\"async\" width=\"733\" height=\"403\" src=\"https:\/\/cputucuman.com\/wp-content\/uploads\/2025\/02\/causas_urologo-.jpg\" alt=\"\" class=\"wp-image-567\"\/><\/figure>\n<\/div><\/div><\/div>\n<\/div><\/div>\n","protected":false},"excerpt":{"rendered":"<p>RESERVE SU TURNO \u00abSomos referentes en urolog\u00eda de adultos en el NOA. Contamos con tecnolog\u00eda de \u00faltima generaci\u00f3n\u00bb<\/p>\n","protected":false},"author":1,"featured_media":0,"parent":0,"menu_order":0,"comment_status":"closed","ping_status":"closed","template":"","meta":{"_joinchat":[],"footnotes":""},"class_list":["post-16","page","type-page","status-publish","hentry"],"blocksy_meta":{"has_hero_section":"disabled","styles_descriptor":{"styles":{"desktop":"","tablet":"","mobile":""},"google_fonts":[],"version":6},"vertical_spacing_source":"custom","content_area_spacing":"none"},"_links":{"self":[{"href":"https:\/\/cputucuman.com\/index.php\/wp-json\/wp\/v2\/pages\/16","targetHints":{"allow":["GET"]}}],"collection":[{"href":"https:\/\/cputucuman.com\/index.php\/wp-json\/wp\/v2\/pages"}],"about":[{"href":"https:\/\/cputucuman.com\/index.php\/wp-json\/wp\/v2\/types\/page"}],"author":[{"embeddable":true,"href":"https:\/\/cputucuman.com\/index.php\/wp-json\/wp\/v2\/users\/1"}],"replies":[{"embeddable":true,"href":"https:\/\/cputucuman.com\/index.php\/wp-json\/wp\/v2\/comments?post=16"}],"version-history":[{"count":145,"href":"https:\/\/cputucuman.com\/index.php\/wp-json\/wp\/v2\/pages\/16\/revisions"}],"predecessor-version":[{"id":629,"href":"https:\/\/cputucuman.com\/index.php\/wp-json\/wp\/v2\/pages\/16\/revisions\/629"}],"wp:attachment":[{"href":"https:\/\/cputucuman.com\/index.php\/wp-json\/wp\/v2\/media?parent=16"}],"curies":[{"name":"wp","href":"https:\/\/api.w.org\/{rel}","templated":true}]}}